{"id":14601,"date":"2024-06-11T15:56:27","date_gmt":"2024-06-11T13:56:27","guid":{"rendered":"https:\/\/pole-sante.creps-vichy.sports.gouv.fr\/?page_id=14601"},"modified":"2024-06-12T10:06:06","modified_gmt":"2024-06-12T08:06:06","slug":"enquete-de-fonctionnement-mss-annee-2022-copy","status":"publish","type":"page","link":"https:\/\/pole-sante.creps-vichy.sports.gouv.fr\/?page_id=14601","title":{"rendered":"Enqu\u00eate de fonctionnement MSS &#8211; Ann\u00e9e 2023"},"content":{"rendered":"\t\t<div data-elementor-type=\"wp-page\" data-elementor-id=\"14601\" class=\"elementor elementor-14601\" data-elementor-post-type=\"page\">\n\t\t\t\t<div data-particle_enable=\"false\" data-particle-mobile-disabled=\"false\" class=\"elementor-element elementor-element-ecbaf23 e-flex e-con-boxed e-con e-parent\" data-id=\"ecbaf23\" data-element_type=\"container\" data-e-type=\"container\">\n\t\t\t\t\t<div class=\"e-con-inner\">\n\t\t\t\t<div class=\"elementor-element elementor-element-cb57326 elementor-view-default elementor-position-block-start elementor-mobile-position-block-start elementor-widget elementor-widget-icon-box\" data-id=\"cb57326\" data-element_type=\"widget\" data-e-type=\"widget\" data-widget_type=\"icon-box.default\">\n\t\t\t\t<div class=\"elementor-widget-container\">\n\t\t\t\t\t\t\t<div class=\"elementor-icon-box-wrapper\">\n\n\t\t\t\t\t\t<div class=\"elementor-icon-box-icon\">\n\t\t\t\t<span  class=\"elementor-icon\">\n\t\t\t\t<i aria-hidden=\"true\" class=\"fas fa-list-alt\"><\/i>\t\t\t\t<\/span>\n\t\t\t<\/div>\n\t\t\t\n\t\t\t\t\t\t<div class=\"elementor-icon-box-content\">\n\n\t\t\t\t\t\t\t\t\t<h3 class=\"elementor-icon-box-title\">\n\t\t\t\t\t\t<span  >\n\t\t\t\t\t\t\tENQU\u00caTE DE FONCTIONNEMENT DES MAISONS SPORT-SANTE <br>ANN\u00c9E 2023\t\t\t\t\t\t<\/span>\n\t\t\t\t\t<\/h3>\n\t\t\t\t\n\t\t\t\t\t\t\t\t\t<p class=\"elementor-icon-box-description\">\n\t\t\t\t\t\tRetours sur les premiers r\u00e9sultats de l'enqu\u00eate de fonctionnement des MSS 2023\t\t\t\t\t<\/p>\n\t\t\t\t\n\t\t\t<\/div>\n\t\t\t\n\t\t<\/div>\n\t\t\t\t\t\t<\/div>\n\t\t\t\t<\/div>\n\t\t\t\t\t<\/div>\n\t\t\t\t<\/div>\n\t\t<div data-particle_enable=\"false\" data-particle-mobile-disabled=\"false\" class=\"elementor-element elementor-element-d1feed4 e-flex e-con-boxed e-con e-parent\" data-id=\"d1feed4\" data-element_type=\"container\" data-e-type=\"container\">\n\t\t\t\t\t<div class=\"e-con-inner\">\n\t\t\t\t<div class=\"elementor-element elementor-element-c64b078 elementor-widget elementor-widget-text-editor\" data-id=\"c64b078\" data-element_type=\"widget\" data-e-type=\"widget\" data-widget_type=\"text-editor.default\">\n\t\t\t\t<div class=\"elementor-widget-container\">\n\t\t\t\t\t\t\t\t\t<p>Ces premiers r\u00e9sultats r\u00e9v\u00e8lent qu&rsquo;en 2023, <strong>244 125<\/strong> personnes ont b\u00e9n\u00e9fici\u00e9 d\u2019une information, d\u2019un service ou d\u2019une prise en charge par les MSS. Parmi elles, <strong>129 453<\/strong> personnes ont b\u00e9n\u00e9fici\u00e9 d&rsquo;un programme et\/ou d&rsquo;une action en <strong>pr\u00e9vention primaire <\/strong>et <strong>66 588<\/strong> personnes ont b\u00e9n\u00e9fici\u00e9 d&rsquo;un programme d&rsquo;APA individualis\u00e9 ou d&rsquo;une mesure d&rsquo;accompagnement en <strong>pr\u00e9vention secondaire et tertiaire<\/strong>.<\/p><p>R\u00e9alis\u00e9e chaque ann\u00e9e depuis 2021, cette enqu\u00eate permet de mieux comprendre le fonctionnement des Maisons Sport-Sant\u00e9 et de mettre en lumi\u00e8re les actions des MSS aupr\u00e8s des b\u00e9n\u00e9ficiaires.<\/p><p>L\u2019enqu\u00eate est pilot\u00e9e par le P\u00f4le Ressources National Sport-Sant\u00e9 Bien-\u00catre, et a \u00e9t\u00e9 coconstruite avec la Direction des Sports, la Direction G\u00e9n\u00e9rale de la Sant\u00e9, en collaboration avec les DRAJES et les ARS.<\/p><p>Cette enqu\u00eate a \u00e9t\u00e9 men\u00e9e de janvier \u00e0 mars 2024, avec la participation de 418 MSS habilit\u00e9es.<\/p>\t\t\t\t\t\t\t\t<\/div>\n\t\t\t\t<\/div>\n\t\t\t\t\t<\/div>\n\t\t\t\t<\/div>\n\t\t<div data-particle_enable=\"false\" data-particle-mobile-disabled=\"false\" class=\"elementor-element elementor-element-1995775 e-flex e-con-boxed e-con e-parent\" data-id=\"1995775\" data-element_type=\"container\" data-e-type=\"container\">\n\t\t\t\t\t<div class=\"e-con-inner\">\n\t\t\t\t<div class=\"elementor-element elementor-element-14b76a7 elementor-widget elementor-widget-image\" data-id=\"14b76a7\" data-element_type=\"widget\" data-e-type=\"widget\" data-widget_type=\"image.default\">\n\t\t\t\t<div class=\"elementor-widget-container\">\n\t\t\t\t\t\t\t\t\t\t\t\t\t\t\t\t<a href=\"https:\/\/pole-sante.creps-vichy.sports.gouv.fr\/wp-content\/uploads\/2024\/06\/MSS-Infographie-290x230cm.pdf\" target=\"_blank\">\n\t\t\t\t\t\t\t<img fetchpriority=\"high\" decoding=\"async\" data-attachment-id=\"14602\" data-permalink=\"https:\/\/pole-sante.creps-vichy.sports.gouv.fr\/?attachment_id=14602\" data-orig-file=\"https:\/\/pole-sante.creps-vichy.sports.gouv.fr\/wp-content\/uploads\/2024\/06\/2024.06.05.MSS-Infographie-290x230cm-scaled.jpg\" data-orig-size=\"2560,2030\" data-comments-opened=\"1\" data-image-meta=\"{&quot;aperture&quot;:&quot;0&quot;,&quot;credit&quot;:&quot;&quot;,&quot;camera&quot;:&quot;&quot;,&quot;caption&quot;:&quot;&quot;,&quot;created_timestamp&quot;:&quot;0&quot;,&quot;copyright&quot;:&quot;&quot;,&quot;focal_length&quot;:&quot;0&quot;,&quot;iso&quot;:&quot;0&quot;,&quot;shutter_speed&quot;:&quot;0&quot;,&quot;title&quot;:&quot;&quot;,&quot;orientation&quot;:&quot;0&quot;}\" data-image-title=\"2024.06.05.MSS-Infographie-290x230cm\" data-image-description=\"\" data-image-caption=\"\" data-medium-file=\"https:\/\/pole-sante.creps-vichy.sports.gouv.fr\/wp-content\/uploads\/2024\/06\/2024.06.05.MSS-Infographie-290x230cm-300x238.jpg\" data-large-file=\"https:\/\/pole-sante.creps-vichy.sports.gouv.fr\/wp-content\/uploads\/2024\/06\/2024.06.05.MSS-Infographie-290x230cm-1024x812.jpg\" width=\"2560\" height=\"2030\" src=\"https:\/\/pole-sante.creps-vichy.sports.gouv.fr\/wp-content\/uploads\/2024\/06\/2024.06.05.MSS-Infographie-290x230cm-scaled.jpg\" class=\"attachment-full size-full wp-image-14602\" alt=\"\" srcset=\"https:\/\/pole-sante.creps-vichy.sports.gouv.fr\/wp-content\/uploads\/2024\/06\/2024.06.05.MSS-Infographie-290x230cm-scaled.jpg 2560w, https:\/\/pole-sante.creps-vichy.sports.gouv.fr\/wp-content\/uploads\/2024\/06\/2024.06.05.MSS-Infographie-290x230cm-300x238.jpg 300w, https:\/\/pole-sante.creps-vichy.sports.gouv.fr\/wp-content\/uploads\/2024\/06\/2024.06.05.MSS-Infographie-290x230cm-1024x812.jpg 1024w, https:\/\/pole-sante.creps-vichy.sports.gouv.fr\/wp-content\/uploads\/2024\/06\/2024.06.05.MSS-Infographie-290x230cm-768x609.jpg 768w, https:\/\/pole-sante.creps-vichy.sports.gouv.fr\/wp-content\/uploads\/2024\/06\/2024.06.05.MSS-Infographie-290x230cm-1536x1218.jpg 1536w, https:\/\/pole-sante.creps-vichy.sports.gouv.fr\/wp-content\/uploads\/2024\/06\/2024.06.05.MSS-Infographie-290x230cm-2048x1624.jpg 2048w, https:\/\/pole-sante.creps-vichy.sports.gouv.fr\/wp-content\/uploads\/2024\/06\/2024.06.05.MSS-Infographie-290x230cm-1568x1244.jpg 1568w\" sizes=\"(max-width: 34.9rem) calc(100vw - 2rem), (max-width: 53rem) calc(8 * (100vw \/ 12)), (min-width: 53rem) calc(6 * (100vw \/ 12)), 100vw\" data-attachment-id=\"14602\" data-permalink=\"https:\/\/pole-sante.creps-vichy.sports.gouv.fr\/?attachment_id=14602\" data-orig-file=\"https:\/\/pole-sante.creps-vichy.sports.gouv.fr\/wp-content\/uploads\/2024\/06\/2024.06.05.MSS-Infographie-290x230cm-scaled.jpg\" data-orig-size=\"2560,2030\" data-comments-opened=\"1\" data-image-meta=\"{&quot;aperture&quot;:&quot;0&quot;,&quot;credit&quot;:&quot;&quot;,&quot;camera&quot;:&quot;&quot;,&quot;caption&quot;:&quot;&quot;,&quot;created_timestamp&quot;:&quot;0&quot;,&quot;copyright&quot;:&quot;&quot;,&quot;focal_length&quot;:&quot;0&quot;,&quot;iso&quot;:&quot;0&quot;,&quot;shutter_speed&quot;:&quot;0&quot;,&quot;title&quot;:&quot;&quot;,&quot;orientation&quot;:&quot;0&quot;}\" data-image-title=\"2024.06.05.MSS-Infographie-290x230cm\" data-image-description=\"\" data-image-caption=\"\" data-medium-file=\"https:\/\/pole-sante.creps-vichy.sports.gouv.fr\/wp-content\/uploads\/2024\/06\/2024.06.05.MSS-Infographie-290x230cm-300x238.jpg\" data-large-file=\"https:\/\/pole-sante.creps-vichy.sports.gouv.fr\/wp-content\/uploads\/2024\/06\/2024.06.05.MSS-Infographie-290x230cm-1024x812.jpg\" \/>\t\t\t\t\t\t\t\t<\/a>\n\t\t\t\t\t\t\t\t\t\t\t\t\t\t\t<\/div>\n\t\t\t\t<\/div>\n\t\t\t\t\t<\/div>\n\t\t\t\t<\/div>\n\t\t\t\t<\/div>\n\t\t","protected":false},"excerpt":{"rendered":"<p>ENQU\u00caTE DE FONCTIONNEMENT DES MAISONS SPORT-SANTE ANN\u00c9E 2023 Retours sur les premiers r\u00e9sultats de l&rsquo;enqu\u00eate de fonctionnement des MSS 2023 Ces premiers r\u00e9sultats r\u00e9v\u00e8lent qu&rsquo;en 2023, &lt;strong&gt;244 125&lt;\/strong&gt; personnes ont b\u00e9n\u00e9fici\u00e9 d\u2019une information, d\u2019un service ou d\u2019une prise en charge par les MSS. Parmi elles, &lt;strong&gt;129 453&lt;\/strong&gt; personnes ont b\u00e9n\u00e9fici\u00e9 d&rsquo;un programme et\/ou d&rsquo;une action &hellip; <\/p>\n<p class=\"link-more\"><a href=\"https:\/\/pole-sante.creps-vichy.sports.gouv.fr\/?page_id=14601\" class=\"more-link\">Continuer la lecture <span class=\"screen-reader-text\"> \u00ab\u00a0Enqu\u00eate de fonctionnement MSS &#8211; Ann\u00e9e 2023\u00a0\u00bb<\/span><\/a><\/p>\n","protected":false},"author":11,"featured_media":0,"parent":0,"menu_order":0,"comment_status":"closed","ping_status":"closed","template":"elementor_canvas","meta":{"_eb_attr":"","footnotes":""},"class_list":["post-14601","page","type-page","status-publish","hentry","entry"],"yoast_head":"<!-- This site is optimized with the Yoast SEO plugin v27.2 - https:\/\/yoast.com\/product\/yoast-seo-wordpress\/ -->\n<title>Enqu\u00eate de fonctionnement MSS - Ann\u00e9e 2023 - P\u00f4le Ressources National Sport Sant\u00e9<\/title>\n<meta name=\"robots\" content=\"index, follow, max-snippet:-1, max-image-preview:large, max-video-preview:-1\" \/>\n<link rel=\"canonical\" href=\"https:\/\/pole-sante.creps-vichy.sports.gouv.fr\/?page_id=14601\" \/>\n<meta property=\"og:locale\" content=\"fr_FR\" \/>\n<meta property=\"og:type\" content=\"article\" \/>\n<meta property=\"og:title\" content=\"Enqu\u00eate de fonctionnement MSS - Ann\u00e9e 2023 - P\u00f4le Ressources National Sport Sant\u00e9\" \/>\n<meta property=\"og:description\" content=\"ENQU\u00caTE DE FONCTIONNEMENT DES MAISONS SPORT-SANTE ANN\u00c9E 2023 Retours sur les premiers r\u00e9sultats de l&#039;enqu\u00eate de fonctionnement des MSS 2023 Ces premiers r\u00e9sultats r\u00e9v\u00e8lent qu&#039;en 2023, &lt;strong&gt;244 125&lt;\/strong&gt; personnes ont b\u00e9n\u00e9fici\u00e9 d\u2019une information, d\u2019un service ou d\u2019une prise en charge par les MSS. Parmi elles, &lt;strong&gt;129 453&lt;\/strong&gt; personnes ont b\u00e9n\u00e9fici\u00e9 d&#039;un programme et\/ou d&#039;une action &hellip; Continuer la lecture \u00ab\u00a0Enqu\u00eate de fonctionnement MSS &#8211; Ann\u00e9e 2023\u00a0\u00bb\" \/>\n<meta property=\"og:url\" content=\"https:\/\/pole-sante.creps-vichy.sports.gouv.fr\/?page_id=14601\" \/>\n<meta property=\"og:site_name\" content=\"P\u00f4le Ressources National Sport Sant\u00e9\" \/>\n<meta property=\"article:modified_time\" content=\"2024-06-12T08:06:06+00:00\" \/>\n<meta name=\"twitter:card\" content=\"summary_large_image\" \/>\n<meta name=\"twitter:label1\" content=\"Dur\u00e9e de lecture estim\u00e9e\" \/>\n\t<meta name=\"twitter:data1\" content=\"1 minute\" \/>\n<script type=\"application\/ld+json\" class=\"yoast-schema-graph\">{\"@context\":\"https:\/\/schema.org\",\"@graph\":[{\"@type\":\"WebPage\",\"@id\":\"https:\/\/pole-sante.creps-vichy.sports.gouv.fr\/?page_id=14601\",\"url\":\"https:\/\/pole-sante.creps-vichy.sports.gouv.fr\/?page_id=14601\",\"name\":\"Enqu\u00eate de fonctionnement MSS - Ann\u00e9e 2023 - P\u00f4le Ressources National Sport Sant\u00e9\",\"isPartOf\":{\"@id\":\"https:\/\/pole-sante.creps-vichy.sports.gouv.fr\/#website\"},\"datePublished\":\"2024-06-11T13:56:27+00:00\",\"dateModified\":\"2024-06-12T08:06:06+00:00\",\"breadcrumb\":{\"@id\":\"https:\/\/pole-sante.creps-vichy.sports.gouv.fr\/?page_id=14601#breadcrumb\"},\"inLanguage\":\"fr-FR\",\"potentialAction\":[{\"@type\":\"ReadAction\",\"target\":[\"https:\/\/pole-sante.creps-vichy.sports.gouv.fr\/?page_id=14601\"]}]},{\"@type\":\"BreadcrumbList\",\"@id\":\"https:\/\/pole-sante.creps-vichy.sports.gouv.fr\/?page_id=14601#breadcrumb\",\"itemListElement\":[{\"@type\":\"ListItem\",\"position\":1,\"name\":\"Accueil\",\"item\":\"https:\/\/pole-sante.creps-vichy.sports.gouv.fr\/\"},{\"@type\":\"ListItem\",\"position\":2,\"name\":\"Enqu\u00eate de fonctionnement MSS &#8211; Ann\u00e9e 2023\"}]},{\"@type\":\"WebSite\",\"@id\":\"https:\/\/pole-sante.creps-vichy.sports.gouv.fr\/#website\",\"url\":\"https:\/\/pole-sante.creps-vichy.sports.gouv.fr\/\",\"name\":\"P\u00f4le Ressources National Sport Sant\u00e9\",\"description\":\"\",\"potentialAction\":[{\"@type\":\"SearchAction\",\"target\":{\"@type\":\"EntryPoint\",\"urlTemplate\":\"https:\/\/pole-sante.creps-vichy.sports.gouv.fr\/?s={search_term_string}\"},\"query-input\":{\"@type\":\"PropertyValueSpecification\",\"valueRequired\":true,\"valueName\":\"search_term_string\"}}],\"inLanguage\":\"fr-FR\"}]}<\/script>\n<!-- \/ Yoast SEO plugin. -->","yoast_head_json":{"title":"Enqu\u00eate de fonctionnement MSS - Ann\u00e9e 2023 - P\u00f4le Ressources National Sport Sant\u00e9","robots":{"index":"index","follow":"follow","max-snippet":"max-snippet:-1","max-image-preview":"max-image-preview:large","max-video-preview":"max-video-preview:-1"},"canonical":"https:\/\/pole-sante.creps-vichy.sports.gouv.fr\/?page_id=14601","og_locale":"fr_FR","og_type":"article","og_title":"Enqu\u00eate de fonctionnement MSS - Ann\u00e9e 2023 - P\u00f4le Ressources National Sport Sant\u00e9","og_description":"ENQU\u00caTE DE FONCTIONNEMENT DES MAISONS SPORT-SANTE ANN\u00c9E 2023 Retours sur les premiers r\u00e9sultats de l'enqu\u00eate de fonctionnement des MSS 2023 Ces premiers r\u00e9sultats r\u00e9v\u00e8lent qu'en 2023, &lt;strong&gt;244 125&lt;\/strong&gt; personnes ont b\u00e9n\u00e9fici\u00e9 d\u2019une information, d\u2019un service ou d\u2019une prise en charge par les MSS. Parmi elles, &lt;strong&gt;129 453&lt;\/strong&gt; personnes ont b\u00e9n\u00e9fici\u00e9 d'un programme et\/ou d'une action &hellip; Continuer la lecture \u00ab\u00a0Enqu\u00eate de fonctionnement MSS &#8211; Ann\u00e9e 2023\u00a0\u00bb","og_url":"https:\/\/pole-sante.creps-vichy.sports.gouv.fr\/?page_id=14601","og_site_name":"P\u00f4le Ressources National Sport Sant\u00e9","article_modified_time":"2024-06-12T08:06:06+00:00","twitter_card":"summary_large_image","twitter_misc":{"Dur\u00e9e de lecture estim\u00e9e":"1 minute"},"schema":{"@context":"https:\/\/schema.org","@graph":[{"@type":"WebPage","@id":"https:\/\/pole-sante.creps-vichy.sports.gouv.fr\/?page_id=14601","url":"https:\/\/pole-sante.creps-vichy.sports.gouv.fr\/?page_id=14601","name":"Enqu\u00eate de fonctionnement MSS - Ann\u00e9e 2023 - P\u00f4le Ressources National Sport Sant\u00e9","isPartOf":{"@id":"https:\/\/pole-sante.creps-vichy.sports.gouv.fr\/#website"},"datePublished":"2024-06-11T13:56:27+00:00","dateModified":"2024-06-12T08:06:06+00:00","breadcrumb":{"@id":"https:\/\/pole-sante.creps-vichy.sports.gouv.fr\/?page_id=14601#breadcrumb"},"inLanguage":"fr-FR","potentialAction":[{"@type":"ReadAction","target":["https:\/\/pole-sante.creps-vichy.sports.gouv.fr\/?page_id=14601"]}]},{"@type":"BreadcrumbList","@id":"https:\/\/pole-sante.creps-vichy.sports.gouv.fr\/?page_id=14601#breadcrumb","itemListElement":[{"@type":"ListItem","position":1,"name":"Accueil","item":"https:\/\/pole-sante.creps-vichy.sports.gouv.fr\/"},{"@type":"ListItem","position":2,"name":"Enqu\u00eate de fonctionnement MSS &#8211; Ann\u00e9e 2023"}]},{"@type":"WebSite","@id":"https:\/\/pole-sante.creps-vichy.sports.gouv.fr\/#website","url":"https:\/\/pole-sante.creps-vichy.sports.gouv.fr\/","name":"P\u00f4le Ressources National Sport Sant\u00e9","description":"","potentialAction":[{"@type":"SearchAction","target":{"@type":"EntryPoint","urlTemplate":"https:\/\/pole-sante.creps-vichy.sports.gouv.fr\/?s={search_term_string}"},"query-input":{"@type":"PropertyValueSpecification","valueRequired":true,"valueName":"search_term_string"}}],"inLanguage":"fr-FR"}]}},"jetpack_sharing_enabled":true,"jetpack_shortlink":"https:\/\/wp.me\/P8rWYP-3Nv","_links":{"self":[{"href":"https:\/\/pole-sante.creps-vichy.sports.gouv.fr\/index.php?rest_route=\/wp\/v2\/pages\/14601","targetHints":{"allow":["GET"]}}],"collection":[{"href":"https:\/\/pole-sante.creps-vichy.sports.gouv.fr\/index.php?rest_route=\/wp\/v2\/pages"}],"about":[{"href":"https:\/\/pole-sante.creps-vichy.sports.gouv.fr\/index.php?rest_route=\/wp\/v2\/types\/page"}],"author":[{"embeddable":true,"href":"https:\/\/pole-sante.creps-vichy.sports.gouv.fr\/index.php?rest_route=\/wp\/v2\/users\/11"}],"replies":[{"embeddable":true,"href":"https:\/\/pole-sante.creps-vichy.sports.gouv.fr\/index.php?rest_route=%2Fwp%2Fv2%2Fcomments&post=14601"}],"version-history":[{"count":17,"href":"https:\/\/pole-sante.creps-vichy.sports.gouv.fr\/index.php?rest_route=\/wp\/v2\/pages\/14601\/revisions"}],"predecessor-version":[{"id":14623,"href":"https:\/\/pole-sante.creps-vichy.sports.gouv.fr\/index.php?rest_route=\/wp\/v2\/pages\/14601\/revisions\/14623"}],"wp:attachment":[{"href":"https:\/\/pole-sante.creps-vichy.sports.gouv.fr\/index.php?rest_route=%2Fwp%2Fv2%2Fmedia&parent=14601"}],"curies":[{"name":"wp","href":"https:\/\/api.w.org\/{rel}","templated":true}]}}